{"id":546,"date":"2025-09-23T15:53:42","date_gmt":"2025-09-23T13:53:42","guid":{"rendered":"https:\/\/life-elderlycare-croatia.com\/o-nama\/"},"modified":"2026-04-14T12:27:15","modified_gmt":"2026-04-14T10:27:15","slug":"o-nama","status":"publish","type":"page","link":"https:\/\/life-elderlycare-croatia.com\/hr\/o-nama\/","title":{"rendered":"O nama"},"content":{"rendered":"<p>[et_pb_section fb_built=&#8221;1&#8243; admin_label=&#8221;Header&#8221; _builder_version=&#8221;4.27.4&#8243; _module_preset=&#8221;default&#8221; custom_padding=&#8221;||2px|||&#8221; collapsed=&#8221;on&#8221; global_colors_info=&#8221;{}&#8221;][et_pb_row column_structure=&#8221;1_2,1_2&#8243; _builder_version=&#8221;4.27.4&#8243; _module_preset=&#8221;default&#8221; global_colors_info=&#8221;{}&#8221;][et_pb_column type=&#8221;1_2&#8243; _builder_version=&#8221;4.27.4&#8243; _module_preset=&#8221;default&#8221; global_colors_info=&#8221;{}&#8221;][et_pb_heading title=&#8221;20 godina iskustva&#8221; _builder_version=&#8221;4.27.4&#8243; _module_preset=&#8221;bc2459ab-b1da-4d2b-ad1c-38dd1c5cc946&#8243; custom_margin=&#8221;||10px||false|false&#8221; animation_style=&#8221;slide&#8221; global_colors_info=&#8221;{}&#8221;][\/et_pb_heading][et_pb_text _builder_version=&#8221;4.27.4&#8243; _module_preset=&#8221;default&#8221; animation_style=&#8221;flip&#8221; global_colors_info=&#8221;{}&#8221;]<\/p>\n<blockquote>\n<p><span>&#8220;Vi\u0161e od 20 godina iskustva u zdravstvenom sustavu.&#8221;<\/span><\/p>\n<\/blockquote>\n<p><span>Savjetujemo vas i pru\u017eamo vam podr\u0161ku o svim temama iz podru\u010dja zdravstvene skrbi. Iskoristite na\u0161e dugogodi\u0161nje iskustvo! <\/span><\/p>\n<p><span>Fokus i cilj na\u0161ih aktivnosti je primjena europskih, prvenstveno njema\u010dkih normi i standarda u hrvatskom zdravstvenom sustavu, kao \u0161to su domovi za starije i nemo\u0107ne osobe, organizirani stambeni objekti i druge zdravstvene ustanove.<\/span><\/p>\n<p>[\/et_pb_text][\/et_pb_column][et_pb_column type=&#8221;1_2&#8243; _builder_version=&#8221;4.27.4&#8243; _module_preset=&#8221;default&#8221; global_colors_info=&#8221;{}&#8221;][et_pb_image src=&#8221;https:\/\/life-elderlycare-croatia.com\/wp-content\/uploads\/2025\/09\/Marija_Vrdoljak.png&#8221; title_text=&#8221;Marija_Vrdoljak&#8221; align=&#8221;center&#8221; _builder_version=&#8221;4.27.4&#8243; _module_preset=&#8221;default&#8221; animation_style=&#8221;fold&#8221; global_colors_info=&#8221;{}&#8221;][\/et_pb_image][\/et_pb_column][\/et_pb_row][et_pb_row _builder_version=&#8221;4.27.4&#8243; _module_preset=&#8221;default&#8221; global_colors_info=&#8221;{}&#8221;][et_pb_column type=&#8221;4_4&#8243; _builder_version=&#8221;4.27.4&#8243; _module_preset=&#8221;default&#8221; global_colors_info=&#8221;{}&#8221;][et_pb_text _builder_version=&#8221;4.27.6&#8243; _module_preset=&#8221;default&#8221; animation_style=&#8221;fold&#8221; hover_enabled=&#8221;0&#8243; global_colors_info=&#8221;{}&#8221; sticky_enabled=&#8221;0&#8243;]<\/p>\n<blockquote>\n<p><span>Marija Vrdoljak &#8211; direktorica<\/span><\/p>\n<\/blockquote>\n<p>Marija Vrdoljak ro\u0111ena je 1980. godine u Haanu kod Wuppertala, a odrasla je u M\u00fcnchenu. Sa suprugom je odgojila troje djece. Ve\u0107 vi\u0161e od 20 godina uspje\u0161no radi u njema\u010dkom zdravstvenom sustavu i posjeduje bogato iskustvo u klju\u010dnim podru\u010djima zdravstvene skrbi.  <\/p>\n<p>Njezina profesionalna karijera obilje\u017eena je stru\u010dnim znanjem u podru\u010djima upravljanja (Vorstand Bayern), primarne zdravstvene za\u0161tite te inovacija u zdravstvenom sustavu. To ju je potaknulo da svoje znanje prenese u Hrvatsku i tamo ga dugoro\u010dno primjenjuje. <\/p>\n<p>Novi izazovi te spoznaja velikog potencijala u podru\u010dju preventivne skrbi, ambulantnih usluga, rehabilitacije i potpomognutog stanovanja u Hrvatskoj potaknuli su Mariju da aktivno sudjeluje u razvoju i implementaciji sustava kvalitete u skrbi. Njezin cilj je povezati zdravstvene sustave Njema\u010dke i Hrvatske, stvoriti odr\u017eive sinergije i razviti suvremene prekograni\u010dne modele zdravstvene skrbi na najvi\u0161oj razini kvalitete. <\/p>\n<p>Kao kontakt osoba, Marija se isti\u010de pozitivnom energijom, visokim standardima kvalitete i preciznosti te izrazitom orijentirano\u0161\u0107u na rje\u0161enja. Kombinira strate\u0161ko razmi\u0161ljanje s operativnom provedbom. <\/p>\n<p>Kao iskusna organizatorica obitelji i dokazani rje\u0161avatelj problema, navikla je prilagoditi se individualnim potrebama i razvijati personalizirana rje\u0161enja. Slobodno vrijeme najradije provodi s obitelji i u humanitarnom radu, kojem pristupa s puno srca i predanosti. Ples je jedan od njezinih hobija i za nju predstavlja \u010distu radost \u017eivota.  <\/p>\n<p>[\/et_pb_text][\/et_pb_column][\/et_pb_row][et_pb_row column_structure=&#8221;1_2,1_2&#8243; _builder_version=&#8221;4.27.4&#8243; _module_preset=&#8221;default&#8221; custom_margin=&#8221;|auto|-1px|auto||&#8221; global_colors_info=&#8221;{}&#8221;][et_pb_column type=&#8221;1_2&#8243; _builder_version=&#8221;4.27.4&#8243; _module_preset=&#8221;default&#8221; global_colors_info=&#8221;{}&#8221;][et_pb_image src=&#8221;https:\/\/life-elderlycare-croatia.com\/wp-content\/uploads\/2025\/09\/Goran_Todorovic.png&#8221; title_text=&#8221;Goran_Todorovic&#8221; align=&#8221;center&#8221; _builder_version=&#8221;4.27.4&#8243; _module_preset=&#8221;default&#8221; animation_style=&#8221;fold&#8221; global_colors_info=&#8221;{}&#8221;][\/et_pb_image][\/et_pb_column][et_pb_column type=&#8221;1_2&#8243; _builder_version=&#8221;4.27.4&#8243; _module_preset=&#8221;default&#8221; global_colors_info=&#8221;{}&#8221;][et_pb_text _builder_version=&#8221;4.27.4&#8243; _module_preset=&#8221;default&#8221; animation_style=&#8221;flip&#8221; global_colors_info=&#8221;{}&#8221;]<\/p>\n<blockquote>\n<p><span>Goran Todorovi\u0107 &#8211; Prokurist<\/span><\/p>\n<\/blockquote>\n<p>Ro\u0111en sam i odrastao u Dubrovniku. Poslije zavr\u0161ene srednje \u0161kole za medicinskog tehni\u010dara odselio sam sa navr\u0161enih 19 godina u SR Njema\u010dku, to\u010dnije u gradi\u0107 Gauting, dvadesetak kilometara ju\u017eno od M\u00fcnchena. U po\u010detku sam bio zaposlen kao medicinski tehni\u010dar u specijaliziranoj klinici za plu\u0107ne bolesti Asklepios Fachklinik M\u00fcnchen &#8211; Gauting. Nakon nekoliko godina provedenih u intenzivnoj njezi bolesnika i zavr\u0161enog do\u0161kolovavanja za respiratornog terapeuta, posve\u0107ujem se brizi pacijenata posebno na podru\u010dju inhalacijske terapije i neinvazivnih respiratora. Na osnovu mog dugogodi\u0161njeg rada na podru\u010dju njege i terapije stje\u010dem veliko stru\u010dno i radno iskustvo.    <\/p>\n<p>Nakon zavr\u0161enog preddiplomskog i diplomskog sveu\u010dili\u0161nog studija preuzimam na dvije godine mjesto voditelja savjetnika ravnatelja bolnice za kvalitetu. U godinama koje slijede, obna\u0161am mnoge odgovorne du\u017enosti u Dru\u0161tvu Bavarskih bolnica, Bavarskom Dr\u017eavnom Uredu za zdravstvo kao i Udruzi bavarskih lije\u010dnika u ambulantnom sektoru. <\/p>\n<p>Kao svoju prednost isti\u010dem ponajprije visoku razinu stru\u010dnih i socijalnih kompetencija te vrlo \u0161iroku povezanost i umre\u017eenost u bavarskom zdravstvenom sustavu.<\/p>\n<p>Slobodno vrijeme najra\u0111e provodim sa suprugom i dvoje djece, kao i u svom malom vinogradu. Ovdje crpim snagu i inspiraciju za nove poslovne pothvate i projekte. <\/p>\n<p>[\/et_pb_text][\/et_pb_column][\/et_pb_row][\/et_pb_section][et_pb_section fb_built=&#8221;1&#8243; _builder_version=&#8221;4.27.4&#8243; _module_preset=&#8221;default&#8221; use_background_color_gradient=&#8221;on&#8221; background_color_gradient_repeat=&#8221;on&#8221; background_color_gradient_stops=&#8221;rgba(28,178,161,0.41) 0in|#29c4a9 42in&#8221; background_color_gradient_unit=&#8221;in&#8221; background_color_gradient_overlays_image=&#8221;on&#8221; parallax=&#8221;off&#8221; global_colors_info=&#8221;{}&#8221;][et_pb_row column_structure=&#8221;1_2,1_2&#8243; _builder_version=&#8221;4.27.4&#8243; _module_preset=&#8221;default&#8221; custom_padding=&#8221;2px|||||&#8221; animation_style=&#8221;zoom&#8221; global_colors_info=&#8221;{}&#8221;][et_pb_column type=&#8221;1_2&#8243; _builder_version=&#8221;4.27.4&#8243; _module_preset=&#8221;default&#8221; global_colors_info=&#8221;{}&#8221;][et_pb_blurb title=&#8221;Na\u0161a vizija&#8221; icon_placement=&#8221;top&#8221; _builder_version=&#8221;4.27.4&#8243; _module_preset=&#8221;15391fe3-4843-486a-a160-f1bc14e7e15e&#8221; global_colors_info=&#8221;{}&#8221;]<\/p>\n<p>Life &amp; Elderly Care d.o.o. pouzdan je partner i koordinator u podru\u010dju zdravstva, skrbi i senior turizma \u2013 s ciljem da se Hrvatska dugoro\u010dno pozicionira u Njema\u010dkoj kao vrhunska destinacija za zdravlje i rehabilitaciju.<\/p>\n<p>Na\u0161 je cilj pro\u0161iriti spektar zdravstvenog turizma i povezati jedinstvene prednosti Hrvatske \u2013 od ljekovitih termalnih izvora u unutra\u0161njosti do blagotvornog morskog zraka du\u017e Jadranske obale \u2013 te ih uskla\u0111eno i ciljano predstaviti.<\/p>\n<p>Kao poveznica izme\u0111u pacijenata, klinika, osiguranja i investitora gradimo povjerenje, kvalitetu i u\u010dinkovitost. S vi\u0161e od 20 godina iskustva i najvi\u0161im standardima kvalitete, predani smo tome da se prevencija, rehabilitacija i oporavak u Hrvatskoj jo\u0161 sna\u017enije prepoznaju i cijene na me\u0111unarodnoj razini. <\/p>\n<p>[\/et_pb_blurb][\/et_pb_column][et_pb_column type=&#8221;1_2&#8243; _builder_version=&#8221;4.27.4&#8243; _module_preset=&#8221;default&#8221; global_colors_info=&#8221;{}&#8221;][et_pb_blurb title=&#8221;Na\u0161a misija&#8221; icon_placement=&#8221;top&#8221; _builder_version=&#8221;4.27.4&#8243; _module_preset=&#8221;15391fe3-4843-486a-a160-f1bc14e7e15e&#8221; locked=&#8221;off&#8221; global_colors_info=&#8221;{}&#8221;]<\/p>\n<p>Na\u0161a je misija omogu\u0107iti ljudima pristup visokokvalitetnoj medicinskoj skrbi, rehabilitaciji i preventivnim uslugama u Hrvatskoj \u2013 u bliskoj suradnji s njema\u010dkim zdravstvenim osiguranjima, klinikama i partnerskim institucijama.<\/p>\n<p>Pratimo na\u0161e klijente od prvog savjetovanja do potpunog oporavka te kroz stru\u010dnost, transparentnost i osobni pristup gradimo odnos povjerenja izme\u0111u dvaju zdravstvenih sustava.<\/p>\n<p>Kombinacijom medicinske snage i stru\u010dnosti, prirodnih resursa i hrvatskog gostoprimstva \u017eelimo<br \/>ponovno definirati pojam zdravlja i oporavka \u2013 u\u010dinkovito, humano i odr\u017eivo.<\/p>\n<p>[\/et_pb_blurb][\/et_pb_column][\/et_pb_row][\/et_pb_section][et_pb_section fb_built=&#8221;1&#8243; admin_label=&#8221;About&#8221; _builder_version=&#8221;4.27.4&#8243; _module_preset=&#8221;default&#8221; collapsed=&#8221;on&#8221; global_colors_info=&#8221;{}&#8221;][et_pb_row _builder_version=&#8221;4.27.4&#8243; _module_preset=&#8221;default&#8221; global_colors_info=&#8221;{}&#8221;][et_pb_column type=&#8221;4_4&#8243; _builder_version=&#8221;4.27.4&#8243; _module_preset=&#8221;default&#8221; global_colors_info=&#8221;{}&#8221;][et_pb_text _builder_version=&#8221;4.27.4&#8243; _module_preset=&#8221;default&#8221; animation_style=&#8221;flip&#8221; global_colors_info=&#8221;{}&#8221;]<\/p>\n<blockquote>\n<p style=\"text-align: center;\"><span>\u201eTe\u017ei\u0161te i cilj na\u0161ih aktivnosti je primjena europskih, prvenstveno njema\u010dkih normi i standarda u hrvatskom zdravstvenom sustavu, poput domova za starije i nemo\u0107ne osobe, ustanova organiziranog stanovanja i drugih zdravstvenih ustanova.\u201c<\/span><\/p>\n<\/blockquote>\n<p>[\/et_pb_text][et_pb_blurb title=&#8221;Kvalitet&#8221; icon_placement=&#8221;top&#8221; _builder_version=&#8221;4.27.4&#8243; _module_preset=&#8221;15391fe3-4843-486a-a160-f1bc14e7e15e&#8221; global_colors_info=&#8221;{}&#8221;]<\/p>\n<p>Hrvatska slijedi stoljetnu tradiciju lje\u010dili\u0161ta i svojim gostima nudi \u0161irok raspon toplica i rehabilitacijskih hotela i centara. \u010cesto su u mnogim aspektima neotkriveni i rijetko se nalaze na topli\u010dkim kartama Europe.<\/p>\n<p>Misija tvrtke <b>Life &amp; Elderly Care d.o.o.<\/b> je integrirati ih u europski program prevencije. Bilo uz obalu ili u zale\u0111u, na svakom \u0107ete mjestu prona\u0107i adekvatan tretman i ugodno okru\u017eenje. <\/p>\n<p><b>Life &amp; Elderly Care d.o.o.<\/b> primjenjuje standarde i kvalitetu koje su postavila njema\u010dka zdravstvena osiguravaju\u0107a dru\u0161tva u hotelima za rehabilitaciju i njegu, koji su specijalizirani za razli\u010dite klini\u010dke slike u podru\u010djima pneumologije, dermatologije, psihologije i ortopedije.<\/p>\n<p>Nadalje, <b>Life &amp; Elderly Care d.o.o.<\/b> provodi pregovara\u010dke aktivnosti s njema\u010dkim zdravstvenim osiguranjem i zastupa toplice i hotele tijekom cijelog procesa pregovaranja.<\/p>\n<p>[\/et_pb_blurb][\/et_pb_column][\/et_pb_row][et_pb_row column_structure=&#8221;1_2,1_2&#8243; _builder_version=&#8221;4.27.4&#8243; _module_preset=&#8221;default&#8221; global_colors_info=&#8221;{}&#8221;][et_pb_column type=&#8221;1_2&#8243; _builder_version=&#8221;4.27.4&#8243; _module_preset=&#8221;default&#8221; global_colors_info=&#8221;{}&#8221;][et_pb_gallery gallery_ids=&#8221;544&#8243; fullwidth=&#8221;on&#8221; _builder_version=&#8221;4.27.4&#8243; _module_preset=&#8221;default&#8221; title_text_color=&#8221;RGBA(255,255,255,0)&#8221; text_orientation=&#8221;center&#8221; width=&#8221;70%&#8221; module_alignment=&#8221;center&#8221; animation_style=&#8221;fold&#8221; global_colors_info=&#8221;{}&#8221;][\/et_pb_gallery][\/et_pb_column][et_pb_column type=&#8221;1_2&#8243; _builder_version=&#8221;4.27.4&#8243; _module_preset=&#8221;default&#8221; global_colors_info=&#8221;{}&#8221;][et_pb_gallery gallery_ids=&#8221;545&#8243; fullwidth=&#8221;on&#8221; _builder_version=&#8221;4.27.4&#8243; _module_preset=&#8221;default&#8221; title_text_color=&#8221;RGBA(255,255,255,0)&#8221; text_orientation=&#8221;center&#8221; width=&#8221;68%&#8221; module_alignment=&#8221;center&#8221; animation_style=&#8221;fold&#8221; global_colors_info=&#8221;{}&#8221;][\/et_pb_gallery][\/et_pb_column][\/et_pb_row][\/et_pb_section]<\/p>\n","protected":false},"excerpt":{"rendered":"<p>&#8220;Vi\u0161e od 20 godina iskustva u zdravstvenom sustavu.&#8221; Savjetujemo vas i pru\u017eamo vam podr\u0161ku o svim temama iz podru\u010dja zdravstvene skrbi. Iskoristite na\u0161e dugogodi\u0161nje iskustvo! Fokus i cilj na\u0161ih aktivnosti je primjena europskih, prvenstveno njema\u010dkih normi i standarda u hrvatskom zdravstvenom sustavu, kao \u0161to su domovi za starije i nemo\u0107ne osobe, organizirani stambeni objekti i [&hellip;]<\/p>\n","protected":false},"author":1,"featured_media":0,"parent":0,"menu_order":0,"comment_status":"closed","ping_status":"closed","template":"","meta":{"_et_pb_use_builder":"on","_et_pb_old_content":"","_et_gb_content_width":"","pgc_sgb_lightbox_settings":"","footnotes":""},"class_list":["post-546","page","type-page","status-publish","hentry"],"yoast_head":"<!-- This site is optimized with the Yoast SEO plugin v27.4 - https:\/\/yoast.com\/product\/yoast-seo-wordpress\/ -->\n<title>O nama - Life &amp; Elderly Care<\/title>\n<meta name=\"robots\" content=\"index, follow, max-snippet:-1, max-image-preview:large, max-video-preview:-1\" \/>\n<link rel=\"canonical\" href=\"https:\/\/life-elderlycare-croatia.com\/hr\/o-nama\/\" \/>\n<meta property=\"og:locale\" content=\"hr_HR\" \/>\n<meta property=\"og:type\" content=\"article\" \/>\n<meta property=\"og:title\" content=\"O nama - Life &amp; Elderly Care\" \/>\n<meta property=\"og:description\" content=\"&quot;Vi\u0161e od 20 godina iskustva u zdravstvenom sustavu.&quot; Savjetujemo vas i pru\u017eamo vam podr\u0161ku o svim temama iz podru\u010dja zdravstvene skrbi. Iskoristite na\u0161e dugogodi\u0161nje iskustvo! Fokus i cilj na\u0161ih aktivnosti je primjena europskih, prvenstveno njema\u010dkih normi i standarda u hrvatskom zdravstvenom sustavu, kao \u0161to su domovi za starije i nemo\u0107ne osobe, organizirani stambeni objekti i [&hellip;]\" \/>\n<meta property=\"og:url\" content=\"https:\/\/life-elderlycare-croatia.com\/hr\/o-nama\/\" \/>\n<meta property=\"og:site_name\" content=\"Life &amp; Elderly Care\" \/>\n<meta property=\"article:publisher\" content=\"https:\/\/www.facebook.com\/profile.php?id=61570120702690&amp;rdid=1jJYEq3MKYsQEsy5&amp;share_url=httpswww.facebook.comshare15yKkMZ6TW\" \/>\n<meta property=\"article:modified_time\" content=\"2026-04-14T10:27:15+00:00\" \/>\n<meta name=\"twitter:card\" content=\"summary_large_image\" \/>\n<meta name=\"twitter:label1\" content=\"Procijenjeno vrijeme \u010ditanja\" \/>\n\t<meta name=\"twitter:data1\" content=\"8 minuta\" \/>\n<script type=\"application\/ld+json\" class=\"yoast-schema-graph\">{\"@context\":\"https:\\\/\\\/schema.org\",\"@graph\":[{\"@type\":\"WebPage\",\"@id\":\"https:\\\/\\\/life-elderlycare-croatia.com\\\/hr\\\/o-nama\\\/\",\"url\":\"https:\\\/\\\/life-elderlycare-croatia.com\\\/hr\\\/o-nama\\\/\",\"name\":\"O nama - Life &amp; Elderly Care\",\"isPartOf\":{\"@id\":\"https:\\\/\\\/life-elderlycare-croatia.com\\\/hr\\\/#website\"},\"datePublished\":\"2025-09-23T13:53:42+00:00\",\"dateModified\":\"2026-04-14T10:27:15+00:00\",\"breadcrumb\":{\"@id\":\"https:\\\/\\\/life-elderlycare-croatia.com\\\/hr\\\/o-nama\\\/#breadcrumb\"},\"inLanguage\":\"hr\",\"potentialAction\":[{\"@type\":\"ReadAction\",\"target\":[\"https:\\\/\\\/life-elderlycare-croatia.com\\\/hr\\\/o-nama\\\/\"]}]},{\"@type\":\"BreadcrumbList\",\"@id\":\"https:\\\/\\\/life-elderlycare-croatia.com\\\/hr\\\/o-nama\\\/#breadcrumb\",\"itemListElement\":[{\"@type\":\"ListItem\",\"position\":1,\"name\":\"Home\",\"item\":\"https:\\\/\\\/life-elderlycare-croatia.com\\\/hr\\\/\"},{\"@type\":\"ListItem\",\"position\":2,\"name\":\"O nama\"}]},{\"@type\":\"WebSite\",\"@id\":\"https:\\\/\\\/life-elderlycare-croatia.com\\\/hr\\\/#website\",\"url\":\"https:\\\/\\\/life-elderlycare-croatia.com\\\/hr\\\/\",\"name\":\"https:\\\/\\\/life-elderlycare-croatia.com\",\"description\":\"Croatia\",\"publisher\":{\"@id\":\"https:\\\/\\\/life-elderlycare-croatia.com\\\/hr\\\/#organization\"},\"potentialAction\":[{\"@type\":\"SearchAction\",\"target\":{\"@type\":\"EntryPoint\",\"urlTemplate\":\"https:\\\/\\\/life-elderlycare-croatia.com\\\/hr\\\/?s={search_term_string}\"},\"query-input\":{\"@type\":\"PropertyValueSpecification\",\"valueRequired\":true,\"valueName\":\"search_term_string\"}}],\"inLanguage\":\"hr\"},{\"@type\":\"Organization\",\"@id\":\"https:\\\/\\\/life-elderlycare-croatia.com\\\/hr\\\/#organization\",\"name\":\"Life & Elderly Care d.o.o.\",\"url\":\"https:\\\/\\\/life-elderlycare-croatia.com\\\/hr\\\/\",\"logo\":{\"@type\":\"ImageObject\",\"inLanguage\":\"hr\",\"@id\":\"https:\\\/\\\/life-elderlycare-croatia.com\\\/hr\\\/#\\\/schema\\\/logo\\\/image\\\/\",\"url\":\"https:\\\/\\\/life-elderlycare-croatia.com\\\/wp-content\\\/uploads\\\/2025\\\/09\\\/logo_new.png\",\"contentUrl\":\"https:\\\/\\\/life-elderlycare-croatia.com\\\/wp-content\\\/uploads\\\/2025\\\/09\\\/logo_new.png\",\"width\":1714,\"height\":958,\"caption\":\"Life & Elderly Care d.o.o.\"},\"image\":{\"@id\":\"https:\\\/\\\/life-elderlycare-croatia.com\\\/hr\\\/#\\\/schema\\\/logo\\\/image\\\/\"},\"sameAs\":[\"https:\\\/\\\/www.facebook.com\\\/profile.php?id=61570120702690&rdid=1jJYEq3MKYsQEsy5&share_url=httpswww.facebook.comshare15yKkMZ6TW\",\"https:\\\/\\\/www.instagram.com\\\/croatia.life_elderly_care\\\/\"]}]}<\/script>\n<!-- \/ Yoast SEO plugin. -->","yoast_head_json":{"title":"O nama - Life &amp; Elderly Care","robots":{"index":"index","follow":"follow","max-snippet":"max-snippet:-1","max-image-preview":"max-image-preview:large","max-video-preview":"max-video-preview:-1"},"canonical":"https:\/\/life-elderlycare-croatia.com\/hr\/o-nama\/","og_locale":"hr_HR","og_type":"article","og_title":"O nama - Life &amp; Elderly Care","og_description":"\"Vi\u0161e od 20 godina iskustva u zdravstvenom sustavu.\" Savjetujemo vas i pru\u017eamo vam podr\u0161ku o svim temama iz podru\u010dja zdravstvene skrbi. Iskoristite na\u0161e dugogodi\u0161nje iskustvo! Fokus i cilj na\u0161ih aktivnosti je primjena europskih, prvenstveno njema\u010dkih normi i standarda u hrvatskom zdravstvenom sustavu, kao \u0161to su domovi za starije i nemo\u0107ne osobe, organizirani stambeni objekti i [&hellip;]","og_url":"https:\/\/life-elderlycare-croatia.com\/hr\/o-nama\/","og_site_name":"Life &amp; Elderly Care","article_publisher":"https:\/\/www.facebook.com\/profile.php?id=61570120702690&rdid=1jJYEq3MKYsQEsy5&share_url=httpswww.facebook.comshare15yKkMZ6TW","article_modified_time":"2026-04-14T10:27:15+00:00","twitter_card":"summary_large_image","twitter_misc":{"Procijenjeno vrijeme \u010ditanja":"8 minuta"},"schema":{"@context":"https:\/\/schema.org","@graph":[{"@type":"WebPage","@id":"https:\/\/life-elderlycare-croatia.com\/hr\/o-nama\/","url":"https:\/\/life-elderlycare-croatia.com\/hr\/o-nama\/","name":"O nama - Life &amp; Elderly Care","isPartOf":{"@id":"https:\/\/life-elderlycare-croatia.com\/hr\/#website"},"datePublished":"2025-09-23T13:53:42+00:00","dateModified":"2026-04-14T10:27:15+00:00","breadcrumb":{"@id":"https:\/\/life-elderlycare-croatia.com\/hr\/o-nama\/#breadcrumb"},"inLanguage":"hr","potentialAction":[{"@type":"ReadAction","target":["https:\/\/life-elderlycare-croatia.com\/hr\/o-nama\/"]}]},{"@type":"BreadcrumbList","@id":"https:\/\/life-elderlycare-croatia.com\/hr\/o-nama\/#breadcrumb","itemListElement":[{"@type":"ListItem","position":1,"name":"Home","item":"https:\/\/life-elderlycare-croatia.com\/hr\/"},{"@type":"ListItem","position":2,"name":"O nama"}]},{"@type":"WebSite","@id":"https:\/\/life-elderlycare-croatia.com\/hr\/#website","url":"https:\/\/life-elderlycare-croatia.com\/hr\/","name":"https:\/\/life-elderlycare-croatia.com","description":"Croatia","publisher":{"@id":"https:\/\/life-elderlycare-croatia.com\/hr\/#organization"},"potentialAction":[{"@type":"SearchAction","target":{"@type":"EntryPoint","urlTemplate":"https:\/\/life-elderlycare-croatia.com\/hr\/?s={search_term_string}"},"query-input":{"@type":"PropertyValueSpecification","valueRequired":true,"valueName":"search_term_string"}}],"inLanguage":"hr"},{"@type":"Organization","@id":"https:\/\/life-elderlycare-croatia.com\/hr\/#organization","name":"Life & Elderly Care d.o.o.","url":"https:\/\/life-elderlycare-croatia.com\/hr\/","logo":{"@type":"ImageObject","inLanguage":"hr","@id":"https:\/\/life-elderlycare-croatia.com\/hr\/#\/schema\/logo\/image\/","url":"https:\/\/life-elderlycare-croatia.com\/wp-content\/uploads\/2025\/09\/logo_new.png","contentUrl":"https:\/\/life-elderlycare-croatia.com\/wp-content\/uploads\/2025\/09\/logo_new.png","width":1714,"height":958,"caption":"Life & Elderly Care d.o.o."},"image":{"@id":"https:\/\/life-elderlycare-croatia.com\/hr\/#\/schema\/logo\/image\/"},"sameAs":["https:\/\/www.facebook.com\/profile.php?id=61570120702690&rdid=1jJYEq3MKYsQEsy5&share_url=httpswww.facebook.comshare15yKkMZ6TW","https:\/\/www.instagram.com\/croatia.life_elderly_care\/"]}]}},"_links":{"self":[{"href":"https:\/\/life-elderlycare-croatia.com\/hr\/wp-json\/wp\/v2\/pages\/546","targetHints":{"allow":["GET"]}}],"collection":[{"href":"https:\/\/life-elderlycare-croatia.com\/hr\/wp-json\/wp\/v2\/pages"}],"about":[{"href":"https:\/\/life-elderlycare-croatia.com\/hr\/wp-json\/wp\/v2\/types\/page"}],"author":[{"embeddable":true,"href":"https:\/\/life-elderlycare-croatia.com\/hr\/wp-json\/wp\/v2\/users\/1"}],"replies":[{"embeddable":true,"href":"https:\/\/life-elderlycare-croatia.com\/hr\/wp-json\/wp\/v2\/comments?post=546"}],"version-history":[{"count":26,"href":"https:\/\/life-elderlycare-croatia.com\/hr\/wp-json\/wp\/v2\/pages\/546\/revisions"}],"predecessor-version":[{"id":1758,"href":"https:\/\/life-elderlycare-croatia.com\/hr\/wp-json\/wp\/v2\/pages\/546\/revisions\/1758"}],"wp:attachment":[{"href":"https:\/\/life-elderlycare-croatia.com\/hr\/wp-json\/wp\/v2\/media?parent=546"}],"curies":[{"name":"wp","href":"https:\/\/api.w.org\/{rel}","templated":true}]}}