{"id":560,"date":"2025-09-27T13:58:34","date_gmt":"2025-09-27T11:58:34","guid":{"rendered":"https:\/\/life-elderlycare-croatia.com\/usluge\/"},"modified":"2025-10-10T09:00:55","modified_gmt":"2025-10-10T07:00:55","slug":"usluge","status":"publish","type":"page","link":"https:\/\/life-elderlycare-croatia.com\/hr\/usluge\/","title":{"rendered":"Usluge"},"content":{"rendered":"<p>[et_pb_section fb_built=&#8221;1&#8243; _builder_version=&#8221;4.27.4&#8243; _module_preset=&#8221;default&#8221; custom_padding=&#8221;||0px|||&#8221; locked=&#8221;off&#8221; global_colors_info=&#8221;{}&#8221;][et_pb_row _builder_version=&#8221;4.27.4&#8243; _module_preset=&#8221;default&#8221; animation_style=&#8221;fold&#8221; global_colors_info=&#8221;{}&#8221;][et_pb_column type=&#8221;4_4&#8243; _builder_version=&#8221;4.27.4&#8243; _module_preset=&#8221;default&#8221; global_colors_info=&#8221;{}&#8221;][et_pb_heading title=&#8221;Rehabilitacija u Hrvatskoj&#8221; _builder_version=&#8221;4.27.4&#8243; _module_preset=&#8221;085aec45-180d-4fdf-8701-78bca8c8cc7b&#8221; title_text_align=&#8221;center&#8221; custom_margin=&#8221;||10px||false|false&#8221; global_colors_info=&#8221;{}&#8221;][\/et_pb_heading][et_pb_button button_url=&#8221;https:\/\/life-elderlycare-croatia.com\/hr\/rehabilitacija-ljecilisni-program-uz-povrat-troskova\/&#8221; button_text=&#8221;Saznaj vi\u0161e&#8221; button_alignment=&#8221;center&#8221; _builder_version=&#8221;4.27.4&#8243; _module_preset=&#8221;default&#8221; global_colors_info=&#8221;{}&#8221;][\/et_pb_button][et_pb_text _builder_version=&#8221;4.27.4&#8243; _module_preset=&#8221;b4b62dc9-a434-4181-a0c6-79d0cb69f2ce&#8221; text_orientation=&#8221;center&#8221; global_colors_info=&#8221;{}&#8221;]<\/p>\n<p style=\"text-align: left;\">Hrvatska nudi najsuvremenije rehabilitacijske i spa sadr\u017eaje na sun\u010danim lokacijama. <strong>Life &amp; Elderly Care d.o.o.<\/strong> integrira ove programe u njema\u010dke sustave zdravstvenog osiguranja, osiguravaju\u0107i potpunu pokrivenost i uskla\u0111enost s njema\u010dkim medicinskim standardima.<\/p>\n<p style=\"text-align: left;\">\u2022 Uklju\u010divanje hrvatskih rehabilitacijskih programa u njema\u010dke sustave osiguranja<br \/>\u2022 Standardi lije\u010denja na njema\u010dkoj razini u specijaliziranim klinikama<br \/>\u2022 Atraktivne lokacije na obali i u ruralnim podru\u010djima<\/p>\n<p>[\/et_pb_text][et_pb_image src=&#8221;http:\/\/life-elderlycare-croatia.com\/wp-content\/uploads\/2025\/09\/iStock-1076489560-scaled-1.jpg&#8221; title_text=&#8221;iStock-1076489560-scaled&#8221; align=&#8221;center&#8221; _builder_version=&#8221;4.27.4&#8243; _module_preset=&#8221;default&#8221; animation_style=&#8221;fold&#8221; global_colors_info=&#8221;{}&#8221;][\/et_pb_image][\/et_pb_column][\/et_pb_row][\/et_pb_section][et_pb_section fb_built=&#8221;1&#8243; admin_label=&#8221;Call to Action&#8221; _builder_version=&#8221;4.27.4&#8243; _module_preset=&#8221;72a9e571-c12d-4bc8-b15a-dc22c71f0014&#8243; background_image=&#8221;http:\/\/life-elderlycare-croatia.com\/wp-content\/uploads\/2025\/09\/iStock-1277147021-scaled-1.jpg&#8221; parallax=&#8221;on&#8221; locked=&#8221;off&#8221; collapsed=&#8221;on&#8221; global_colors_info=&#8221;{}&#8221;][et_pb_row _builder_version=&#8221;4.27.4&#8243; _module_preset=&#8221;default&#8221; animation_style=&#8221;slide&#8221; global_colors_info=&#8221;{}&#8221;][et_pb_column type=&#8221;4_4&#8243; _builder_version=&#8221;4.27.4&#8243; _module_preset=&#8221;default&#8221; global_colors_info=&#8221;{}&#8221;][et_pb_text _builder_version=&#8221;4.27.4&#8243; _module_preset=&#8221;b4b62dc9-a434-4181-a0c6-79d0cb69f2ce&#8221; text_orientation=&#8221;center&#8221; global_colors_info=&#8221;{}&#8221;]<\/p>\n<h3><span style=\"color: #ffffff;\">Za investitore<\/span><\/h3>\n<p>[\/et_pb_text][et_pb_button button_url=&#8221;https:\/\/life-elderlycare-croatia.com\/hr\/za-investitore\/&#8221; button_text=&#8221;Saznaj vi\u0161e&#8221; button_alignment=&#8221;center&#8221; _builder_version=&#8221;4.27.4&#8243; _module_preset=&#8221;default&#8221; global_colors_info=&#8221;{}&#8221;][\/et_pb_button][\/et_pb_column][\/et_pb_row][et_pb_row column_structure=&#8221;1_3,1_3,1_3&#8243; _builder_version=&#8221;4.27.4&#8243; _module_preset=&#8221;default&#8221; animation_style=&#8221;slide&#8221; global_colors_info=&#8221;{}&#8221;][et_pb_column type=&#8221;1_3&#8243; _builder_version=&#8221;4.27.4&#8243; _module_preset=&#8221;default&#8221; global_colors_info=&#8221;{}&#8221;][et_pb_icon font_icon=&#8221;&#xf4c4;||fa||900&#8243; icon_color=&#8221;#FFFFFF&#8221; _builder_version=&#8221;4.27.4&#8243; _module_preset=&#8221;default&#8221; background_color=&#8221;RGBA(255,255,255,0)&#8221; animation_style=&#8221;roll&#8221; global_colors_info=&#8221;{}&#8221;][\/et_pb_icon][et_pb_text _builder_version=&#8221;4.27.4&#8243; _module_preset=&#8221;665bddea-790b-4688-96e9-c1cfc9a37eb0&#8243; text_orientation=&#8221;center&#8221; animation_style=&#8221;fold&#8221; hover_enabled=&#8221;0&#8243; global_colors_info=&#8221;{}&#8221; sticky_enabled=&#8221;0&#8243;]Po\u010detak rada od 2021:<\/p>\n<p>\u0160iroko stru\u010dno znanje, uska suradnja s priznatim ustanovama u Hrvatskoj.[\/et_pb_text][\/et_pb_column][et_pb_column type=&#8221;1_3&#8243; _builder_version=&#8221;4.27.4&#8243; _module_preset=&#8221;default&#8221; global_colors_info=&#8221;{}&#8221;][et_pb_icon font_icon=&#8221;&#xf4c4;||fa||900&#8243; icon_color=&#8221;#FFFFFF&#8221; _builder_version=&#8221;4.27.4&#8243; _module_preset=&#8221;default&#8221; background_color=&#8221;RGBA(255,255,255,0)&#8221; animation_style=&#8221;roll&#8221; global_colors_info=&#8221;{}&#8221;][\/et_pb_icon][et_pb_text _builder_version=&#8221;4.27.4&#8243; _module_preset=&#8221;665bddea-790b-4688-96e9-c1cfc9a37eb0&#8243; text_orientation=&#8221;center&#8221; animation_style=&#8221;fold&#8221; global_colors_info=&#8221;{}&#8221;]<span style=\"color: #ffffff;\"><br \/>\n  <strong>Usluge:<\/strong><br \/>\n<\/span><\/p>\n<p><span style=\"color: #ffffff;\">Strategija &amp; tr\u017ei\u0161te, koncept, odobrenja &amp; kvaliteta, implementacija, osoblje &amp; operacije, marketing.<\/span>[\/et_pb_text][\/et_pb_column][et_pb_column type=&#8221;1_3&#8243; _builder_version=&#8221;4.27.4&#8243; _module_preset=&#8221;default&#8221; global_colors_info=&#8221;{}&#8221;][et_pb_icon font_icon=&#8221;&#xf4c4;||fa||900&#8243; icon_color=&#8221;#FFFFFF&#8221; _builder_version=&#8221;4.27.4&#8243; _module_preset=&#8221;default&#8221; background_color=&#8221;RGBA(255,255,255,0)&#8221; animation_style=&#8221;roll&#8221; global_colors_info=&#8221;{}&#8221;][\/et_pb_icon][et_pb_text _builder_version=&#8221;4.27.4&#8243; _module_preset=&#8221;665bddea-790b-4688-96e9-c1cfc9a37eb0&#8243; text_orientation=&#8221;center&#8221; animation_style=&#8221;fold&#8221; global_colors_info=&#8221;{}&#8221;]<\/p>\n<p><span style=\"color: #ffffff;\"><strong>Suradnja:<\/strong><\/span><\/p>\n<p><span style=\"color: #ffffff;\">Koncepti nakon poja\u0161njenja\/pod ugovorom o tajnosti podataka; cilj: najbolji mogu\u0107i rezultati za investitore; opcija za upravljanje\/sudjelovanje u poslovanju.<\/span><\/p>\n<p>[\/et_pb_text][\/et_pb_column][\/et_pb_row][\/et_pb_section][et_pb_section fb_built=&#8221;1&#8243; admin_label=&#8221;Gallery&#8221; _builder_version=&#8221;4.27.4&#8243; _module_preset=&#8221;default&#8221; custom_padding=&#8221;8px|||||&#8221; locked=&#8221;off&#8221; collapsed=&#8221;on&#8221; global_colors_info=&#8221;{}&#8221;][et_pb_row _builder_version=&#8221;4.27.4&#8243; _module_preset=&#8221;default&#8221; animation_style=&#8221;fold&#8221; global_colors_info=&#8221;{}&#8221;][et_pb_column type=&#8221;4_4&#8243; _builder_version=&#8221;4.27.4&#8243; _module_preset=&#8221;default&#8221; global_colors_info=&#8221;{}&#8221;][et_pb_heading title=&#8221;Organizirano stanovanje&#8221; _builder_version=&#8221;4.27.4&#8243; _module_preset=&#8221;085aec45-180d-4fdf-8701-78bca8c8cc7b&#8221; title_text_align=&#8221;center&#8221; custom_margin=&#8221;||10px||false|false&#8221; global_colors_info=&#8221;{}&#8221;][\/et_pb_heading][et_pb_button button_url=&#8221;\/hr\/organizirano-stanovanje&#8221; button_text=&#8221;Saznaj vi\u0161e&#8221; button_alignment=&#8221;center&#8221; _builder_version=&#8221;4.27.4&#8243; _module_preset=&#8221;default&#8221; global_colors_info=&#8221;{}&#8221;][\/et_pb_button][et_pb_text _builder_version=&#8221;4.27.4&#8243; _module_preset=&#8221;b4b62dc9-a434-4181-a0c6-79d0cb69f2ce&#8221; text_orientation=&#8221;center&#8221; global_colors_info=&#8221;{}&#8221;]<\/p>\n<p style=\"text-align: left;\">Pomo\u0107 pri stanovanju u Hrvatskoj omogu\u0107uje starijim osobama samostalan \u017eivot u stanovima bez barijera, uz profesionalne usluge podr\u0161ke po potrebi. Savjetujemo i koordiniramo planiranje i izgradnju ovih objekata prema strogim njema\u010dkim standardima. <\/p>\n<p style=\"text-align: left;\">\u2022 Apartmani prilago\u0111eni osobama s invaliditetom s opcionalnim uslugama skrbi<br \/>\u2022 Njema\u010dki standardi kvalitete u svim novim objektima<br \/>\u2022 Osoblje koje govori njema\u010dki jezik osigurava sigurnost i udobnost<\/p>\n<p>[\/et_pb_text][\/et_pb_column][\/et_pb_row][et_pb_row _builder_version=&#8221;4.27.4&#8243; _module_preset=&#8221;default&#8221; custom_padding=&#8221;4px|||||&#8221; animation_style=&#8221;fold&#8221; global_colors_info=&#8221;{}&#8221;][et_pb_column type=&#8221;4_4&#8243; _builder_version=&#8221;4.27.4&#8243; _module_preset=&#8221;default&#8221; global_colors_info=&#8221;{}&#8221;][et_pb_image src=&#8221;http:\/\/life-elderlycare-croatia.com\/wp-content\/uploads\/2025\/09\/13567ac1-5520-42e3-b798-a0bae3be48da-1.jpeg&#8221; title_text=&#8221;13567ac1-5520-42e3-b798-a0bae3be48da&#8221; align=&#8221;center&#8221; _builder_version=&#8221;4.27.4&#8243; _module_preset=&#8221;default&#8221; animation_style=&#8221;slide&#8221; global_colors_info=&#8221;{}&#8221;][\/et_pb_image][\/et_pb_column][\/et_pb_row][\/et_pb_section]<\/p>\n","protected":false},"excerpt":{"rendered":"<p>Hrvatska nudi najsuvremenije rehabilitacijske i spa sadr\u017eaje na sun\u010danim lokacijama. Life &amp; Elderly Care d.o.o. integrira ove programe u njema\u010dke sustave zdravstvenog osiguranja, osiguravaju\u0107i potpunu pokrivenost i uskla\u0111enost s njema\u010dkim medicinskim standardima. \u2022 Uklju\u010divanje hrvatskih rehabilitacijskih programa u njema\u010dke sustave osiguranja\u2022 Standardi lije\u010denja na njema\u010dkoj razini u specijaliziranim klinikama\u2022 Atraktivne lokacije na obali i u [&hellip;]<\/p>\n","protected":false},"author":1,"featured_media":0,"parent":0,"menu_order":0,"comment_status":"closed","ping_status":"closed","template":"","meta":{"_et_pb_use_builder":"on","_et_pb_old_content":"","_et_gb_content_width":"","pgc_sgb_lightbox_settings":"","footnotes":""},"class_list":["post-560","page","type-page","status-publish","hentry"],"yoast_head":"<!-- This site is optimized with the Yoast SEO plugin v27.4 - https:\/\/yoast.com\/product\/yoast-seo-wordpress\/ -->\n<title>Usluge - Life &amp; Elderly Care<\/title>\n<meta name=\"robots\" content=\"index, follow, max-snippet:-1, max-image-preview:large, max-video-preview:-1\" \/>\n<link rel=\"canonical\" href=\"https:\/\/life-elderlycare-croatia.com\/hr\/usluge\/\" \/>\n<meta property=\"og:locale\" content=\"hr_HR\" \/>\n<meta property=\"og:type\" content=\"article\" \/>\n<meta property=\"og:title\" content=\"Usluge - Life &amp; Elderly Care\" \/>\n<meta property=\"og:description\" content=\"Hrvatska nudi najsuvremenije rehabilitacijske i spa sadr\u017eaje na sun\u010danim lokacijama. Life &amp; Elderly Care d.o.o. integrira ove programe u njema\u010dke sustave zdravstvenog osiguranja, osiguravaju\u0107i potpunu pokrivenost i uskla\u0111enost s njema\u010dkim medicinskim standardima. \u2022 Uklju\u010divanje hrvatskih rehabilitacijskih programa u njema\u010dke sustave osiguranja\u2022 Standardi lije\u010denja na njema\u010dkoj razini u specijaliziranim klinikama\u2022 Atraktivne lokacije na obali i u [&hellip;]\" \/>\n<meta property=\"og:url\" content=\"https:\/\/life-elderlycare-croatia.com\/hr\/usluge\/\" \/>\n<meta property=\"og:site_name\" content=\"Life &amp; Elderly Care\" \/>\n<meta property=\"article:publisher\" content=\"https:\/\/www.facebook.com\/profile.php?id=61570120702690&amp;rdid=1jJYEq3MKYsQEsy5&amp;share_url=httpswww.facebook.comshare15yKkMZ6TW\" \/>\n<meta property=\"article:modified_time\" content=\"2025-10-10T07:00:55+00:00\" \/>\n<meta name=\"twitter:card\" content=\"summary_large_image\" \/>\n<meta name=\"twitter:label1\" content=\"Procijenjeno vrijeme \u010ditanja\" \/>\n\t<meta name=\"twitter:data1\" content=\"5 minuta\" \/>\n<script type=\"application\/ld+json\" class=\"yoast-schema-graph\">{\"@context\":\"https:\\\/\\\/schema.org\",\"@graph\":[{\"@type\":\"WebPage\",\"@id\":\"https:\\\/\\\/life-elderlycare-croatia.com\\\/hr\\\/usluge\\\/\",\"url\":\"https:\\\/\\\/life-elderlycare-croatia.com\\\/hr\\\/usluge\\\/\",\"name\":\"Usluge - Life &amp; Elderly Care\",\"isPartOf\":{\"@id\":\"https:\\\/\\\/life-elderlycare-croatia.com\\\/hr\\\/#website\"},\"datePublished\":\"2025-09-27T11:58:34+00:00\",\"dateModified\":\"2025-10-10T07:00:55+00:00\",\"breadcrumb\":{\"@id\":\"https:\\\/\\\/life-elderlycare-croatia.com\\\/hr\\\/usluge\\\/#breadcrumb\"},\"inLanguage\":\"hr\",\"potentialAction\":[{\"@type\":\"ReadAction\",\"target\":[\"https:\\\/\\\/life-elderlycare-croatia.com\\\/hr\\\/usluge\\\/\"]}]},{\"@type\":\"BreadcrumbList\",\"@id\":\"https:\\\/\\\/life-elderlycare-croatia.com\\\/hr\\\/usluge\\\/#breadcrumb\",\"itemListElement\":[{\"@type\":\"ListItem\",\"position\":1,\"name\":\"Home\",\"item\":\"https:\\\/\\\/life-elderlycare-croatia.com\\\/hr\\\/\"},{\"@type\":\"ListItem\",\"position\":2,\"name\":\"Usluge\"}]},{\"@type\":\"WebSite\",\"@id\":\"https:\\\/\\\/life-elderlycare-croatia.com\\\/hr\\\/#website\",\"url\":\"https:\\\/\\\/life-elderlycare-croatia.com\\\/hr\\\/\",\"name\":\"https:\\\/\\\/life-elderlycare-croatia.com\",\"description\":\"Croatia\",\"publisher\":{\"@id\":\"https:\\\/\\\/life-elderlycare-croatia.com\\\/hr\\\/#organization\"},\"potentialAction\":[{\"@type\":\"SearchAction\",\"target\":{\"@type\":\"EntryPoint\",\"urlTemplate\":\"https:\\\/\\\/life-elderlycare-croatia.com\\\/hr\\\/?s={search_term_string}\"},\"query-input\":{\"@type\":\"PropertyValueSpecification\",\"valueRequired\":true,\"valueName\":\"search_term_string\"}}],\"inLanguage\":\"hr\"},{\"@type\":\"Organization\",\"@id\":\"https:\\\/\\\/life-elderlycare-croatia.com\\\/hr\\\/#organization\",\"name\":\"Life & Elderly Care d.o.o.\",\"url\":\"https:\\\/\\\/life-elderlycare-croatia.com\\\/hr\\\/\",\"logo\":{\"@type\":\"ImageObject\",\"inLanguage\":\"hr\",\"@id\":\"https:\\\/\\\/life-elderlycare-croatia.com\\\/hr\\\/#\\\/schema\\\/logo\\\/image\\\/\",\"url\":\"https:\\\/\\\/life-elderlycare-croatia.com\\\/wp-content\\\/uploads\\\/2025\\\/09\\\/logo_new.png\",\"contentUrl\":\"https:\\\/\\\/life-elderlycare-croatia.com\\\/wp-content\\\/uploads\\\/2025\\\/09\\\/logo_new.png\",\"width\":1714,\"height\":958,\"caption\":\"Life & Elderly Care d.o.o.\"},\"image\":{\"@id\":\"https:\\\/\\\/life-elderlycare-croatia.com\\\/hr\\\/#\\\/schema\\\/logo\\\/image\\\/\"},\"sameAs\":[\"https:\\\/\\\/www.facebook.com\\\/profile.php?id=61570120702690&rdid=1jJYEq3MKYsQEsy5&share_url=httpswww.facebook.comshare15yKkMZ6TW\",\"https:\\\/\\\/www.instagram.com\\\/croatia.life_elderly_care\\\/\"]}]}<\/script>\n<!-- \/ Yoast SEO plugin. -->","yoast_head_json":{"title":"Usluge - Life &amp; Elderly Care","robots":{"index":"index","follow":"follow","max-snippet":"max-snippet:-1","max-image-preview":"max-image-preview:large","max-video-preview":"max-video-preview:-1"},"canonical":"https:\/\/life-elderlycare-croatia.com\/hr\/usluge\/","og_locale":"hr_HR","og_type":"article","og_title":"Usluge - Life &amp; Elderly Care","og_description":"Hrvatska nudi najsuvremenije rehabilitacijske i spa sadr\u017eaje na sun\u010danim lokacijama. Life &amp; Elderly Care d.o.o. integrira ove programe u njema\u010dke sustave zdravstvenog osiguranja, osiguravaju\u0107i potpunu pokrivenost i uskla\u0111enost s njema\u010dkim medicinskim standardima. \u2022 Uklju\u010divanje hrvatskih rehabilitacijskih programa u njema\u010dke sustave osiguranja\u2022 Standardi lije\u010denja na njema\u010dkoj razini u specijaliziranim klinikama\u2022 Atraktivne lokacije na obali i u [&hellip;]","og_url":"https:\/\/life-elderlycare-croatia.com\/hr\/usluge\/","og_site_name":"Life &amp; Elderly Care","article_publisher":"https:\/\/www.facebook.com\/profile.php?id=61570120702690&rdid=1jJYEq3MKYsQEsy5&share_url=httpswww.facebook.comshare15yKkMZ6TW","article_modified_time":"2025-10-10T07:00:55+00:00","twitter_card":"summary_large_image","twitter_misc":{"Procijenjeno vrijeme \u010ditanja":"5 minuta"},"schema":{"@context":"https:\/\/schema.org","@graph":[{"@type":"WebPage","@id":"https:\/\/life-elderlycare-croatia.com\/hr\/usluge\/","url":"https:\/\/life-elderlycare-croatia.com\/hr\/usluge\/","name":"Usluge - Life &amp; Elderly Care","isPartOf":{"@id":"https:\/\/life-elderlycare-croatia.com\/hr\/#website"},"datePublished":"2025-09-27T11:58:34+00:00","dateModified":"2025-10-10T07:00:55+00:00","breadcrumb":{"@id":"https:\/\/life-elderlycare-croatia.com\/hr\/usluge\/#breadcrumb"},"inLanguage":"hr","potentialAction":[{"@type":"ReadAction","target":["https:\/\/life-elderlycare-croatia.com\/hr\/usluge\/"]}]},{"@type":"BreadcrumbList","@id":"https:\/\/life-elderlycare-croatia.com\/hr\/usluge\/#breadcrumb","itemListElement":[{"@type":"ListItem","position":1,"name":"Home","item":"https:\/\/life-elderlycare-croatia.com\/hr\/"},{"@type":"ListItem","position":2,"name":"Usluge"}]},{"@type":"WebSite","@id":"https:\/\/life-elderlycare-croatia.com\/hr\/#website","url":"https:\/\/life-elderlycare-croatia.com\/hr\/","name":"https:\/\/life-elderlycare-croatia.com","description":"Croatia","publisher":{"@id":"https:\/\/life-elderlycare-croatia.com\/hr\/#organization"},"potentialAction":[{"@type":"SearchAction","target":{"@type":"EntryPoint","urlTemplate":"https:\/\/life-elderlycare-croatia.com\/hr\/?s={search_term_string}"},"query-input":{"@type":"PropertyValueSpecification","valueRequired":true,"valueName":"search_term_string"}}],"inLanguage":"hr"},{"@type":"Organization","@id":"https:\/\/life-elderlycare-croatia.com\/hr\/#organization","name":"Life & Elderly Care d.o.o.","url":"https:\/\/life-elderlycare-croatia.com\/hr\/","logo":{"@type":"ImageObject","inLanguage":"hr","@id":"https:\/\/life-elderlycare-croatia.com\/hr\/#\/schema\/logo\/image\/","url":"https:\/\/life-elderlycare-croatia.com\/wp-content\/uploads\/2025\/09\/logo_new.png","contentUrl":"https:\/\/life-elderlycare-croatia.com\/wp-content\/uploads\/2025\/09\/logo_new.png","width":1714,"height":958,"caption":"Life & Elderly Care d.o.o."},"image":{"@id":"https:\/\/life-elderlycare-croatia.com\/hr\/#\/schema\/logo\/image\/"},"sameAs":["https:\/\/www.facebook.com\/profile.php?id=61570120702690&rdid=1jJYEq3MKYsQEsy5&share_url=httpswww.facebook.comshare15yKkMZ6TW","https:\/\/www.instagram.com\/croatia.life_elderly_care\/"]}]}},"_links":{"self":[{"href":"https:\/\/life-elderlycare-croatia.com\/hr\/wp-json\/wp\/v2\/pages\/560","targetHints":{"allow":["GET"]}}],"collection":[{"href":"https:\/\/life-elderlycare-croatia.com\/hr\/wp-json\/wp\/v2\/pages"}],"about":[{"href":"https:\/\/life-elderlycare-croatia.com\/hr\/wp-json\/wp\/v2\/types\/page"}],"author":[{"embeddable":true,"href":"https:\/\/life-elderlycare-croatia.com\/hr\/wp-json\/wp\/v2\/users\/1"}],"replies":[{"embeddable":true,"href":"https:\/\/life-elderlycare-croatia.com\/hr\/wp-json\/wp\/v2\/comments?post=560"}],"version-history":[{"count":13,"href":"https:\/\/life-elderlycare-croatia.com\/hr\/wp-json\/wp\/v2\/pages\/560\/revisions"}],"predecessor-version":[{"id":940,"href":"https:\/\/life-elderlycare-croatia.com\/hr\/wp-json\/wp\/v2\/pages\/560\/revisions\/940"}],"wp:attachment":[{"href":"https:\/\/life-elderlycare-croatia.com\/hr\/wp-json\/wp\/v2\/media?parent=560"}],"curies":[{"name":"wp","href":"https:\/\/api.w.org\/{rel}","templated":true}]}}