{"id":598,"date":"2025-09-27T01:30:24","date_gmt":"2025-09-26T23:30:24","guid":{"rendered":"https:\/\/life-elderlycare-croatia.com\/za-investitore\/"},"modified":"2025-10-14T21:12:03","modified_gmt":"2025-10-14T19:12:03","slug":"za-investitore","status":"publish","type":"page","link":"https:\/\/life-elderlycare-croatia.com\/hr\/za-investitore\/","title":{"rendered":"Za investitore"},"content":{"rendered":"<p>[et_pb_section fb_built=&#8221;1&#8243; _builder_version=&#8221;4.27.4&#8243; _module_preset=&#8221;default&#8221; global_colors_info=&#8221;{}&#8221;][et_pb_row _builder_version=&#8221;4.27.4&#8243; _module_preset=&#8221;default&#8221; global_colors_info=&#8221;{}&#8221;][et_pb_column type=&#8221;4_4&#8243; _builder_version=&#8221;4.27.4&#8243; _module_preset=&#8221;default&#8221; global_colors_info=&#8221;{}&#8221;][et_pb_text _builder_version=&#8221;4.27.4&#8243; _module_preset=&#8221;default&#8221; min_height=&#8221;105px&#8221; custom_margin=&#8221;||-3px|||&#8221; animation_style=&#8221;fold&#8221; global_colors_info=&#8221;{}&#8221;]<\/p>\n<h3 style=\"text-align: center;\"><span>Za investitore<\/span><\/h3>\n<h5 style=\"text-align: center;\"><strong>Ulo\u017eite u hrvatski sektor zdravstva i skrbi za starije osobe<\/strong><\/h5>\n<p>&nbsp;<\/p>\n<p>[\/et_pb_text][et_pb_image src=&#8221;https:\/\/life-elderlycare-croatia.com\/wp-content\/uploads\/2025\/09\/spencer-davis-fWtJvFqyUQQ-unsplash-scaled-1.jpg&#8221; title_text=&#8221;spencer-davis-fWtJvFqyUQQ-unsplash-scaled&#8221; align=&#8221;center&#8221; _builder_version=&#8221;4.27.4&#8243; _module_preset=&#8221;default&#8221; custom_padding=&#8221;1px|||||&#8221; animation_style=&#8221;slide&#8221; hover_enabled=&#8221;0&#8243; global_colors_info=&#8221;{}&#8221; sticky_enabled=&#8221;0&#8243;][\/et_pb_image][et_pb_text _builder_version=&#8221;4.27.4&#8243; _module_preset=&#8221;default&#8221; animation_style=&#8221;fold&#8221; global_colors_info=&#8221;{}&#8221;]<\/p>\n<p style=\"text-align: left;\">Hrvatska nudi idealne mogu\u0107nosti za ulaganja u sektor zdravstva i skrbi za starije osobe. Bilo da se radi o rehabilitaciji, lje\u010dili\u0161tima (ambulantnoj skrbi) ili potpomognutom stanovanju \u2013 zemlja impresionira modernim zdravstvenim sustavom, kvalificiranom radnom snagom i ugodnom mediteranskom klimom. Kao \u010dlanica EU, Hrvatska pru\u017ea stabilno poslovno okru\u017eenje i oslanja se na dugogodi\u0161nju tradiciju toplica. Potra\u017enja za kvalitetnim rehabilitacijskim i zdravstvenim ustanovama raste diljem Europe. Atraktivna struktura tro\u0161kova i visoka kvaliteta \u017eivota u Hrvatskoj \u010dine je optimalnom lokacijom za zadovoljavanje ove rastu\u0107e potrebe.    <\/p>\n<p>Kao pouzdan partner, Life &amp; Elderly Care Croatia podr\u017eava vas od koncepta i izgradnje do rada i marketinga. S na\u0161im dugogodi\u0161njim iskustvom, njema\u010dkim standardima kvalitete (ISO certifikat) i sna\u017enom mre\u017eom, osiguravamo profesionalnu provedbu i odr\u017eivi uspjeh va\u0161e investicije. Otkrijte mogu\u0107nosti na rastu\u0107em hrvatskom tr\u017ei\u0161tu zdravstva \u2013 uz vas smo kao pouzdan i stru\u010dni partner. Zaka\u017eite sastanak s Life &amp; Elderly Care Croatia za vi\u0161e informacija i zapo\u010dnite svoj uspje\u0161an investicijski projekt s nama.   <\/p>\n<p>[\/et_pb_text][\/et_pb_column][\/et_pb_row][et_pb_row _builder_version=&#8221;4.27.4&#8243; _module_preset=&#8221;default&#8221; animation_style=&#8221;zoom&#8221; global_colors_info=&#8221;{}&#8221;][et_pb_column type=&#8221;4_4&#8243; _builder_version=&#8221;4.27.4&#8243; _module_preset=&#8221;default&#8221; global_colors_info=&#8221;{}&#8221;][et_pb_gallery gallery_ids=&#8221;561,514,565,599&#8243; show_title_and_caption=&#8221;off&#8221; show_pagination=&#8221;off&#8221; _builder_version=&#8221;4.27.4&#8243; _module_preset=&#8221;default&#8221; global_colors_info=&#8221;{}&#8221;][\/et_pb_gallery][\/et_pb_column][\/et_pb_row][\/et_pb_section]<\/p>\n","protected":false},"excerpt":{"rendered":"<p>Za investitore Ulo\u017eite u hrvatski sektor zdravstva i skrbi za starije osobe &nbsp;Hrvatska nudi idealne mogu\u0107nosti za ulaganja u sektor zdravstva i skrbi za starije osobe. Bilo da se radi o rehabilitaciji, lje\u010dili\u0161tima (ambulantnoj skrbi) ili potpomognutom stanovanju \u2013 zemlja impresionira modernim zdravstvenim sustavom, kvalificiranom radnom snagom i ugodnom mediteranskom klimom. Kao \u010dlanica EU, Hrvatska [&hellip;]<\/p>\n","protected":false},"author":1,"featured_media":0,"parent":0,"menu_order":0,"comment_status":"closed","ping_status":"closed","template":"","meta":{"_et_pb_use_builder":"on","_et_pb_old_content":"","_et_gb_content_width":"","pgc_sgb_lightbox_settings":"","footnotes":""},"class_list":["post-598","page","type-page","status-publish","hentry"],"yoast_head":"<!-- This site is optimized with the Yoast SEO plugin v27.4 - https:\/\/yoast.com\/product\/yoast-seo-wordpress\/ -->\n<title>Za investitore - Life &amp; Elderly Care<\/title>\n<meta name=\"robots\" content=\"index, follow, max-snippet:-1, max-image-preview:large, max-video-preview:-1\" \/>\n<link rel=\"canonical\" href=\"https:\/\/life-elderlycare-croatia.com\/hr\/za-investitore\/\" \/>\n<meta property=\"og:locale\" content=\"hr_HR\" \/>\n<meta property=\"og:type\" content=\"article\" \/>\n<meta property=\"og:title\" content=\"Za investitore - Life &amp; Elderly Care\" \/>\n<meta property=\"og:description\" content=\"Za investitore Ulo\u017eite u hrvatski sektor zdravstva i skrbi za starije osobe &nbsp;Hrvatska nudi idealne mogu\u0107nosti za ulaganja u sektor zdravstva i skrbi za starije osobe. Bilo da se radi o rehabilitaciji, lje\u010dili\u0161tima (ambulantnoj skrbi) ili potpomognutom stanovanju \u2013 zemlja impresionira modernim zdravstvenim sustavom, kvalificiranom radnom snagom i ugodnom mediteranskom klimom. Kao \u010dlanica EU, Hrvatska [&hellip;]\" \/>\n<meta property=\"og:url\" content=\"https:\/\/life-elderlycare-croatia.com\/hr\/za-investitore\/\" \/>\n<meta property=\"og:site_name\" content=\"Life &amp; Elderly Care\" \/>\n<meta property=\"article:publisher\" content=\"https:\/\/www.facebook.com\/profile.php?id=61570120702690&amp;rdid=1jJYEq3MKYsQEsy5&amp;share_url=httpswww.facebook.comshare15yKkMZ6TW\" \/>\n<meta property=\"article:modified_time\" content=\"2025-10-14T19:12:03+00:00\" \/>\n<meta name=\"twitter:card\" content=\"summary_large_image\" \/>\n<meta name=\"twitter:label1\" content=\"Procijenjeno vrijeme \u010ditanja\" \/>\n\t<meta name=\"twitter:data1\" content=\"2 minute\" \/>\n<script type=\"application\/ld+json\" class=\"yoast-schema-graph\">{\"@context\":\"https:\\\/\\\/schema.org\",\"@graph\":[{\"@type\":\"WebPage\",\"@id\":\"https:\\\/\\\/life-elderlycare-croatia.com\\\/hr\\\/za-investitore\\\/\",\"url\":\"https:\\\/\\\/life-elderlycare-croatia.com\\\/hr\\\/za-investitore\\\/\",\"name\":\"Za investitore - Life &amp; Elderly Care\",\"isPartOf\":{\"@id\":\"https:\\\/\\\/life-elderlycare-croatia.com\\\/hr\\\/#website\"},\"datePublished\":\"2025-09-26T23:30:24+00:00\",\"dateModified\":\"2025-10-14T19:12:03+00:00\",\"breadcrumb\":{\"@id\":\"https:\\\/\\\/life-elderlycare-croatia.com\\\/hr\\\/za-investitore\\\/#breadcrumb\"},\"inLanguage\":\"hr\",\"potentialAction\":[{\"@type\":\"ReadAction\",\"target\":[\"https:\\\/\\\/life-elderlycare-croatia.com\\\/hr\\\/za-investitore\\\/\"]}]},{\"@type\":\"BreadcrumbList\",\"@id\":\"https:\\\/\\\/life-elderlycare-croatia.com\\\/hr\\\/za-investitore\\\/#breadcrumb\",\"itemListElement\":[{\"@type\":\"ListItem\",\"position\":1,\"name\":\"Home\",\"item\":\"https:\\\/\\\/life-elderlycare-croatia.com\\\/hr\\\/\"},{\"@type\":\"ListItem\",\"position\":2,\"name\":\"Za investitore\"}]},{\"@type\":\"WebSite\",\"@id\":\"https:\\\/\\\/life-elderlycare-croatia.com\\\/hr\\\/#website\",\"url\":\"https:\\\/\\\/life-elderlycare-croatia.com\\\/hr\\\/\",\"name\":\"https:\\\/\\\/life-elderlycare-croatia.com\",\"description\":\"Croatia\",\"publisher\":{\"@id\":\"https:\\\/\\\/life-elderlycare-croatia.com\\\/hr\\\/#organization\"},\"potentialAction\":[{\"@type\":\"SearchAction\",\"target\":{\"@type\":\"EntryPoint\",\"urlTemplate\":\"https:\\\/\\\/life-elderlycare-croatia.com\\\/hr\\\/?s={search_term_string}\"},\"query-input\":{\"@type\":\"PropertyValueSpecification\",\"valueRequired\":true,\"valueName\":\"search_term_string\"}}],\"inLanguage\":\"hr\"},{\"@type\":\"Organization\",\"@id\":\"https:\\\/\\\/life-elderlycare-croatia.com\\\/hr\\\/#organization\",\"name\":\"Life & Elderly Care d.o.o.\",\"url\":\"https:\\\/\\\/life-elderlycare-croatia.com\\\/hr\\\/\",\"logo\":{\"@type\":\"ImageObject\",\"inLanguage\":\"hr\",\"@id\":\"https:\\\/\\\/life-elderlycare-croatia.com\\\/hr\\\/#\\\/schema\\\/logo\\\/image\\\/\",\"url\":\"https:\\\/\\\/life-elderlycare-croatia.com\\\/wp-content\\\/uploads\\\/2025\\\/09\\\/logo_new.png\",\"contentUrl\":\"https:\\\/\\\/life-elderlycare-croatia.com\\\/wp-content\\\/uploads\\\/2025\\\/09\\\/logo_new.png\",\"width\":1714,\"height\":958,\"caption\":\"Life & Elderly Care d.o.o.\"},\"image\":{\"@id\":\"https:\\\/\\\/life-elderlycare-croatia.com\\\/hr\\\/#\\\/schema\\\/logo\\\/image\\\/\"},\"sameAs\":[\"https:\\\/\\\/www.facebook.com\\\/profile.php?id=61570120702690&rdid=1jJYEq3MKYsQEsy5&share_url=httpswww.facebook.comshare15yKkMZ6TW\",\"https:\\\/\\\/www.instagram.com\\\/croatia.life_elderly_care\\\/\"]}]}<\/script>\n<!-- \/ Yoast SEO plugin. -->","yoast_head_json":{"title":"Za investitore - Life &amp; Elderly Care","robots":{"index":"index","follow":"follow","max-snippet":"max-snippet:-1","max-image-preview":"max-image-preview:large","max-video-preview":"max-video-preview:-1"},"canonical":"https:\/\/life-elderlycare-croatia.com\/hr\/za-investitore\/","og_locale":"hr_HR","og_type":"article","og_title":"Za investitore - Life &amp; Elderly Care","og_description":"Za investitore Ulo\u017eite u hrvatski sektor zdravstva i skrbi za starije osobe &nbsp;Hrvatska nudi idealne mogu\u0107nosti za ulaganja u sektor zdravstva i skrbi za starije osobe. Bilo da se radi o rehabilitaciji, lje\u010dili\u0161tima (ambulantnoj skrbi) ili potpomognutom stanovanju \u2013 zemlja impresionira modernim zdravstvenim sustavom, kvalificiranom radnom snagom i ugodnom mediteranskom klimom. Kao \u010dlanica EU, Hrvatska [&hellip;]","og_url":"https:\/\/life-elderlycare-croatia.com\/hr\/za-investitore\/","og_site_name":"Life &amp; Elderly Care","article_publisher":"https:\/\/www.facebook.com\/profile.php?id=61570120702690&rdid=1jJYEq3MKYsQEsy5&share_url=httpswww.facebook.comshare15yKkMZ6TW","article_modified_time":"2025-10-14T19:12:03+00:00","twitter_card":"summary_large_image","twitter_misc":{"Procijenjeno vrijeme \u010ditanja":"2 minute"},"schema":{"@context":"https:\/\/schema.org","@graph":[{"@type":"WebPage","@id":"https:\/\/life-elderlycare-croatia.com\/hr\/za-investitore\/","url":"https:\/\/life-elderlycare-croatia.com\/hr\/za-investitore\/","name":"Za investitore - Life &amp; Elderly Care","isPartOf":{"@id":"https:\/\/life-elderlycare-croatia.com\/hr\/#website"},"datePublished":"2025-09-26T23:30:24+00:00","dateModified":"2025-10-14T19:12:03+00:00","breadcrumb":{"@id":"https:\/\/life-elderlycare-croatia.com\/hr\/za-investitore\/#breadcrumb"},"inLanguage":"hr","potentialAction":[{"@type":"ReadAction","target":["https:\/\/life-elderlycare-croatia.com\/hr\/za-investitore\/"]}]},{"@type":"BreadcrumbList","@id":"https:\/\/life-elderlycare-croatia.com\/hr\/za-investitore\/#breadcrumb","itemListElement":[{"@type":"ListItem","position":1,"name":"Home","item":"https:\/\/life-elderlycare-croatia.com\/hr\/"},{"@type":"ListItem","position":2,"name":"Za investitore"}]},{"@type":"WebSite","@id":"https:\/\/life-elderlycare-croatia.com\/hr\/#website","url":"https:\/\/life-elderlycare-croatia.com\/hr\/","name":"https:\/\/life-elderlycare-croatia.com","description":"Croatia","publisher":{"@id":"https:\/\/life-elderlycare-croatia.com\/hr\/#organization"},"potentialAction":[{"@type":"SearchAction","target":{"@type":"EntryPoint","urlTemplate":"https:\/\/life-elderlycare-croatia.com\/hr\/?s={search_term_string}"},"query-input":{"@type":"PropertyValueSpecification","valueRequired":true,"valueName":"search_term_string"}}],"inLanguage":"hr"},{"@type":"Organization","@id":"https:\/\/life-elderlycare-croatia.com\/hr\/#organization","name":"Life & Elderly Care d.o.o.","url":"https:\/\/life-elderlycare-croatia.com\/hr\/","logo":{"@type":"ImageObject","inLanguage":"hr","@id":"https:\/\/life-elderlycare-croatia.com\/hr\/#\/schema\/logo\/image\/","url":"https:\/\/life-elderlycare-croatia.com\/wp-content\/uploads\/2025\/09\/logo_new.png","contentUrl":"https:\/\/life-elderlycare-croatia.com\/wp-content\/uploads\/2025\/09\/logo_new.png","width":1714,"height":958,"caption":"Life & Elderly Care d.o.o."},"image":{"@id":"https:\/\/life-elderlycare-croatia.com\/hr\/#\/schema\/logo\/image\/"},"sameAs":["https:\/\/www.facebook.com\/profile.php?id=61570120702690&rdid=1jJYEq3MKYsQEsy5&share_url=httpswww.facebook.comshare15yKkMZ6TW","https:\/\/www.instagram.com\/croatia.life_elderly_care\/"]}]}},"_links":{"self":[{"href":"https:\/\/life-elderlycare-croatia.com\/hr\/wp-json\/wp\/v2\/pages\/598","targetHints":{"allow":["GET"]}}],"collection":[{"href":"https:\/\/life-elderlycare-croatia.com\/hr\/wp-json\/wp\/v2\/pages"}],"about":[{"href":"https:\/\/life-elderlycare-croatia.com\/hr\/wp-json\/wp\/v2\/types\/page"}],"author":[{"embeddable":true,"href":"https:\/\/life-elderlycare-croatia.com\/hr\/wp-json\/wp\/v2\/users\/1"}],"replies":[{"embeddable":true,"href":"https:\/\/life-elderlycare-croatia.com\/hr\/wp-json\/wp\/v2\/comments?post=598"}],"version-history":[{"count":9,"href":"https:\/\/life-elderlycare-croatia.com\/hr\/wp-json\/wp\/v2\/pages\/598\/revisions"}],"predecessor-version":[{"id":1359,"href":"https:\/\/life-elderlycare-croatia.com\/hr\/wp-json\/wp\/v2\/pages\/598\/revisions\/1359"}],"wp:attachment":[{"href":"https:\/\/life-elderlycare-croatia.com\/hr\/wp-json\/wp\/v2\/media?parent=598"}],"curies":[{"name":"wp","href":"https:\/\/api.w.org\/{rel}","templated":true}]}}